{"id":49758,"date":"2023-03-28T14:26:45","date_gmt":"2023-03-28T11:26:45","guid":{"rendered":"https:\/\/artroplasti.com.tr\/?page_id=49758"},"modified":"2026-04-22T16:36:32","modified_gmt":"2026-04-22T13:36:32","slug":"hakkimda","status":"publish","type":"page","link":"https:\/\/artroplasti.com.tr\/en\/gastroesophageal-reflux\/","title":{"rendered":"Hakk\u0131mda"},"content":{"rendered":"<div data-elementor-type=\"wp-page\" data-elementor-id=\"49758\" class=\"elementor elementor-49758\">\n\t\t\t\t\t\t<section class=\"elementor-section elementor-top-section elementor-element elementor-element-fa43ad9 yazikapsa elementor-section-boxed elementor-section-height-default elementor-section-height-default\" data-id=\"fa43ad9\" data-element_type=\"section\">\n\t\t\t\t\t\t<div class=\"elementor-container elementor-column-gap-default\">\n\t\t\t\t\t<div class=\"elementor-column elementor-col-66 elementor-top-column elementor-element elementor-element-aa1e94e\" data-id=\"aa1e94e\" data-element_type=\"column\">\n\t\t\t<div class=\"elementor-widget-wrap elementor-element-populated\">\n\t\t\t\t\t\t<div class=\"elementor-element elementor-element-94ca5da elementor-widget elementor-widget-heading\" data-id=\"94ca5da\" data-element_type=\"widget\" data-widget_type=\"heading.default\">\n\t\t\t\t<div class=\"elementor-widget-container\">\n\t\t\t\t\t<h3 class=\"elementor-heading-title elementor-size-default\">Prof. Dr. Emrah Kovalak<\/h3>\t\t\t\t<\/div>\n\t\t\t\t<\/div>\n\t\t\t\t<div class=\"elementor-element elementor-element-e156aeb elementor-widget elementor-widget-text-editor\" data-id=\"e156aeb\" data-element_type=\"widget\" data-widget_type=\"text-editor.default\">\n\t\t\t\t<div class=\"elementor-widget-container\">\n\t\t\t\t\t\t\t\t\t<p><img fetchpriority=\"high\" decoding=\"async\" class=\"alignnone size-full wp-image-53511\" src=\"https:\/\/artroplasti.com.tr\/wp-content\/uploads\/2026\/04\/dr-emrah-kovalak-hakkinda-05.webp\" alt=\"\" width=\"768\" height=\"596\" title=\"\" srcset=\"https:\/\/artroplasti.com.tr\/wp-content\/uploads\/2026\/04\/dr-emrah-kovalak-hakkinda-05.webp 768w, https:\/\/artroplasti.com.tr\/wp-content\/uploads\/2026\/04\/dr-emrah-kovalak-hakkinda-05-309x240.webp 309w, https:\/\/artroplasti.com.tr\/wp-content\/uploads\/2026\/04\/dr-emrah-kovalak-hakkinda-05-15x12.webp 15w\" sizes=\"(max-width: 768px) 100vw, 768px\" \/><\/p><p>Prof. Dr. Emrah Kovalak, 1973 y\u0131l\u0131nda Ankara\u2019da d\u00fcnyaya gelmi\u015ftir. \u0130lk\u00f6\u011fretimini \u0130zmir Mustafa Re\u015fit Pa\u015fa \u0130lkokulu\u2019nda tamamlayan Kovalak, orta\u00f6\u011fretimine \u0130zmir 60. Y\u0131l Anadolu Lisesi\u2019nde ba\u015flam\u0131\u015f, lise e\u011fitimini ise Ankara Gazi Anadolu Lisesi\u2019nde bitirmi\u015ftir. 1998 y\u0131l\u0131nda Ankara \u00dcniversitesi T\u0131p Fak\u00fcltesi\u2019nden mezun olmu\u015ftur.<\/p><p>Ortopedi ve travmatoloji alan\u0131ndaki uzmanl\u0131k e\u011fitimini Ankara SSK E\u011fitim ve Ara\u015ft\u0131rma Hastanesi\u2019nde tamamlayan Kovalak, 2005 y\u0131l\u0131nda Ad\u0131yaman Devlet Hastanesi\u2019ne uzman doktor olarak atanm\u0131\u015ft\u0131r. 2006-2007 y\u0131llar\u0131 aras\u0131nda Sar\u0131kam\u0131\u015f Asker Hastanesi\u2019nde vatani g\u00f6revini yerine getirmi\u015ftir.<\/p><p>Meslek hayat\u0131na \u00f6zel sekt\u00f6rde de devam eden Kovalak, 2008-2010 y\u0131llar\u0131 aras\u0131nda \u0130stanbul \u00d6zel Ethica \u0130ncirli Hastanesi\u2019nde g\u00f6rev alm\u0131\u015ft\u0131r. 2011-2016 y\u0131llar\u0131 aras\u0131nda \u0130stanbul E\u011fitim ve Ara\u015ft\u0131rma Hastanesi\u2019nde \u00e7al\u0131\u015ft\u0131ktan sonra akademik kariyerine y\u00f6nelmi\u015f ve 2016 y\u0131l\u0131nda S\u00fcleyman Demirel \u00dcniversitesi T\u0131p Fak\u00fcltesi\u2019nde yard\u0131mc\u0131 do\u00e7ent olarak g\u00f6reve ba\u015flam\u0131\u015ft\u0131r.<\/p><p>2018 y\u0131l\u0131nda do\u00e7ent unvan\u0131n\u0131 alan Kovalak, 2019 y\u0131l\u0131nda Biruni \u00dcniversitesi T\u0131p Fak\u00fcltesi\u2019nde \u00f6\u011fretim \u00fcyesi olarak g\u00f6rev yapm\u0131\u015f ve ayn\u0131 d\u00f6nemde Medicana Bah\u00e7elievler Hastanesi\u2019nde hastalar\u0131na hizmet sunmu\u015ftur. 2020 y\u0131l\u0131nda Ba\u015fak\u015fehir \u00c7am ve Sakura \u015eehir Hastanesi\u2019ne atanan Kovalak, burada e\u011fitim g\u00f6revlisi ve klinik sorumlusu olarak \u00f6nemli g\u00f6revler \u00fcstlenmi\u015ftir.<\/p><p>G\u00fcn\u00fcm\u00fczde Prof. Dr. Emrah Kovalak, Ni\u015fanta\u015f\u0131 \u00dcniversitesi T\u0131p Fak\u00fcltesi Ortopedi ve Travmatoloji Anabilim Dal\u0131\u2019nda \u00f6\u011fretim \u00fcyesi olarak akademik \u00e7al\u0131\u015fmalar\u0131n\u0131 s\u00fcrd\u00fcrmekte ve hastalar\u0131na hizmet vermeye devam etmektedir.<\/p>\t\t\t\t\t\t\t\t<\/div>\n\t\t\t\t<\/div>\n\t\t\t\t<div class=\"elementor-element elementor-element-344b499 elementor-widget elementor-widget-heading\" data-id=\"344b499\" data-element_type=\"widget\" data-widget_type=\"heading.default\">\n\t\t\t\t<div class=\"elementor-widget-container\">\n\t\t\t\t\t<h3 class=\"elementor-heading-title elementor-size-default\">Dr. Fzt. Fikri T\u00fcrk<\/h3>\t\t\t\t<\/div>\n\t\t\t\t<\/div>\n\t\t\t\t<div class=\"elementor-element elementor-element-3bf520a elementor-widget elementor-widget-text-editor\" data-id=\"3bf520a\" data-element_type=\"widget\" data-widget_type=\"text-editor.default\">\n\t\t\t\t<div class=\"elementor-widget-container\">\n\t\t\t\t\t\t\t\t\t<p><img decoding=\"async\" class=\"alignnone size-full wp-image-53834\" src=\"https:\/\/artroplasti.com.tr\/wp-content\/uploads\/2026\/04\/dr-fzt-fikri-turk-2.jpg\" alt=\"\" width=\"768\" height=\"596\" title=\"\" srcset=\"https:\/\/artroplasti.com.tr\/wp-content\/uploads\/2026\/04\/dr-fzt-fikri-turk-2.jpg 768w, https:\/\/artroplasti.com.tr\/wp-content\/uploads\/2026\/04\/dr-fzt-fikri-turk-2-309x240.jpg 309w, https:\/\/artroplasti.com.tr\/wp-content\/uploads\/2026\/04\/dr-fzt-fikri-turk-2-15x12.jpg 15w\" sizes=\"(max-width: 768px) 100vw, 768px\" \/><\/p><p>Dr. Fzt. Fikri T\u00fcrk 1992 y\u0131l\u0131nda Mersin\u2019de do\u011fmu\u015ftur. \u0130lkokulu ve orta okulu Mersin Abd\u00fclkadir Per\u015fembe Vakf\u0131 \u0130lkokul ve Ortaokulu\u2019nda tamamlam\u0131\u015ft\u0131r. Liseyi Mersin Adnan \u00d6z\u00e7elik Anadolu Lisesi\u2019nde tamamlam\u0131\u015ft\u0131r.<\/p><p>Lisans e\u011fitimini Pamukkale \u00dcniversitesi Fizik Tedavi ve Rehabilitasyon Fak\u00fcltesi\u2019nde tamamlayarak 2013 y\u0131l\u0131nda Fizyoterapist unvan\u0131n\u0131 alm\u0131\u015ft\u0131r.<\/p><p>Y\u00fcksek lisans e\u011fitimini Pamukkale \u00dcniversitesi\u2019nde tamamlayarak 2015 y\u0131l\u0131nda Uzman Fizyoterapist, doktora e\u011fitimini ise yine ayn\u0131 \u00fcniversitesi b\u00fcnyesinde tamamlayarak 2025 y\u0131l\u0131nda Doktor Fizyoterapist unvan\u0131n\u0131 alm\u0131\u015ft\u0131r.<\/p><p>Akademik ve klinik \u00e7al\u0131\u015fmalar\u0131n\u0131 ortopedik rehabilitasyon alan\u0131nda s\u00fcrd\u00fcrmektedir.<\/p>\t\t\t\t\t\t\t\t<\/div>\n\t\t\t\t<\/div>\n\t\t\t\t\t<\/div>\n\t\t<\/div>\n\t\t\t\t<div class=\"elementor-column elementor-col-33 elementor-top-column elementor-element elementor-element-7217bc6\" data-id=\"7217bc6\" data-element_type=\"column\">\n\t\t\t<div class=\"elementor-widget-wrap elementor-element-populated\">\n\t\t\t\t\t\t<div class=\"elementor-element elementor-element-284912c elementor-widget elementor-widget-sidebar\" data-id=\"284912c\" data-element_type=\"widget\" data-widget_type=\"sidebar.default\">\n\t\t\t\t<div class=\"elementor-widget-container\">\n\t\t\t\t\t<section id=\"text-5\" class=\"widget widget_text\"><h5 class=\"widget-title\">Get Information<\/h5>\t\t\t<div class=\"textwidget\">\n<div class=\"wpcf7 no-js\" id=\"wpcf7-f32106-o1\" lang=\"en-US\" dir=\"ltr\" data-wpcf7-id=\"32106\">\n<div class=\"screen-reader-response\"><p role=\"status\" aria-live=\"polite\" aria-atomic=\"true\"><\/p> <ul><\/ul><\/div>\n<form action=\"\/en\/wp-json\/wp\/v2\/pages\/49758#wpcf7-f32106-o1\" method=\"post\" class=\"wpcf7-form init\" aria-label=\"contact form\" novalidate=\"novalidate\" data-status=\"init\" data-trp-original-action=\"\/en\/wp-json\/wp\/v2\/pages\/49758#wpcf7-f32106-o1\">\n<fieldset class=\"hidden-fields-container\"><input type=\"hidden\" name=\"_wpcf7\" value=\"32106\" \/><input type=\"hidden\" name=\"_wpcf7_version\" value=\"6.1.5\" \/><input type=\"hidden\" name=\"_wpcf7_locale\" value=\"en_US\" \/><input type=\"hidden\" name=\"_wpcf7_unit_tag\" value=\"wpcf7-f32106-o1\" \/><input type=\"hidden\" name=\"_wpcf7_container_post\" value=\"0\" \/><input type=\"hidden\" name=\"_wpcf7_posted_data_hash\" value=\"\" \/>\n<\/fieldset>\n<div class=\"book-appointment-contact\">\n\t<div class=\"form-row\">\n\t\t<p><span class=\"wpcf7-form-control-wrap\" data-name=\"isim\"><input size=\"40\" maxlength=\"400\" class=\"wpcf7-form-control wpcf7-text wpcf7-validates-as-required\" aria-required=\"true\" aria-invalid=\"false\" placeholder=\"Name surname\" value=\"\" type=\"text\" name=\"isim\" \/><\/span><span><i class=\"fa fa-user\" aria-hidden=\"true\"><\/i><\/span>\n\t\t<\/p>\n\t<\/div>\n\t<div class=\"form-row\">\n\t\t<p><span class=\"wpcf7-form-control-wrap\" data-name=\"telefon\"><input size=\"40\" maxlength=\"400\" class=\"wpcf7-form-control wpcf7-tel wpcf7-validates-as-required wpcf7-text wpcf7-validates-as-tel\" aria-required=\"true\" aria-invalid=\"false\" placeholder=\"Telephone\" value=\"\" type=\"tel\" name=\"telefon\" \/><\/span><span><i class=\"fa fa-phone\" aria-hidden=\"true\"><\/i><\/span>\n\t\t<\/p>\n\t<\/div>\n\t<div class=\"form-row\">\n\t\t<p><span class=\"wpcf7-form-control-wrap\" data-name=\"eposta\"><input size=\"40\" maxlength=\"400\" class=\"wpcf7-form-control wpcf7-email wpcf7-validates-as-required wpcf7-text wpcf7-validates-as-email\" aria-required=\"true\" aria-invalid=\"false\" placeholder=\"E-mail\" value=\"\" type=\"email\" name=\"eposta\" \/><\/span><span><i class=\"fa fa-envelope-o\" aria-hidden=\"true\"><\/i><\/span>\n\t\t<\/p>\n\t<\/div>\n\t<div class=\"form-row\">\n\t\t<p><span class=\"wpcf7-form-control-wrap\" data-name=\"mesaj\"><textarea cols=\"40\" rows=\"10\" maxlength=\"2000\" class=\"wpcf7-form-control wpcf7-textarea wpcf7-validates-as-required\" aria-required=\"true\" aria-invalid=\"false\" placeholder=\"Message\" name=\"mesaj\"><\/textarea><\/span><span><\/span>\n\t\t<\/p>\n\t<\/div>\n\t<div class=\"form-row\">\n\t\t<p><span class=\"wpcf7-form-control-wrap\" data-name=\"hcap-cf7\">\t\t<input\n\t\t\t\ttype=\"hidden\"\n\t\t\t\tclass=\"hcaptcha-widget-id\"\n\t\t\t\tname=\"hcaptcha-widget-id\"\n\t\t\t\tvalue=\"eyJzb3VyY2UiOlsiY29udGFjdC1mb3JtLTdcL3dwLWNvbnRhY3QtZm9ybS03LnBocCJdLCJmb3JtX2lkIjozMjEwNn0=-97683bc28fa853fa37cfc617a4369e25\">\n\t\t\t\t<span id=\"hcap_cf7-69eb9be8bdbe44.24185138\" class=\"wpcf7-form-control h-captcha\"\n\t\t\tdata-sitekey=\"9a8811d6-a474-47ae-a01a-fb560d302e0e\"\n\t\t\tdata-theme=\"light\"\n\t\t\tdata-size=\"normal\"\n\t\t\tdata-auto=\"false\"\n\t\t\tdata-ajax=\"false\"\n\t\t\tdata-force=\"false\">\n\t\t<\/span>\n\t\t<input type=\"hidden\" id=\"_wpnonce\" name=\"_wpnonce\" value=\"4df458be83\" \/><input type=\"hidden\" name=\"_wp_http_referer\" value=\"\/en\/wp-json\/wp\/v2\/pages\/49758\" \/><\/span><input class=\"wpcf7-form-control wpcf7-submit has-spinner\" type=\"submit\" value=\"Send\" \/>\n\t\t<\/p>\n\t<\/div>\n<\/div><div class=\"wpcf7-response-output\" aria-hidden=\"true\"><\/div>\n<input type=\"hidden\" name=\"trp-form-language\" value=\"en\"\/><\/form>\n<\/div>\n\n<\/div>\n\t\t<\/section><section id=\"nav_menu-2\" class=\"widget widget_nav_menu\"><h5 class=\"widget-title\">treatments<\/h5><\/section>\t\t\t\t<\/div>\n\t\t\t\t<\/div>\n\t\t\t\t\t<\/div>\n\t\t<\/div>\n\t\t\t\t\t<\/div>\n\t\t<\/section>\n\t\t\t\t<\/div>","protected":false},"excerpt":{"rendered":"<p>Prof. Dr. Emrah Kovalak Prof. Dr. Emrah Kovalak, 1973 y\u0131l\u0131nda Ankara\u2019da d\u00fcnyaya gelmi\u015ftir. \u0130lk\u00f6\u011fretimini \u0130zmir Mustafa Re\u015fit Pa\u015fa \u0130lkokulu\u2019nda tamamlayan Kovalak, orta\u00f6\u011fretimine \u0130zmir 60. Y\u0131l Anadolu Lisesi\u2019nde ba\u015flam\u0131\u015f, lise e\u011fitimini ise Ankara Gazi Anadolu Lisesi\u2019nde bitirmi\u015ftir. 1998 y\u0131l\u0131nda Ankara \u00dcniversitesi T\u0131p Fak\u00fcltesi\u2019nden mezun olmu\u015ftur. Ortopedi ve travmatoloji alan\u0131ndaki uzmanl\u0131k e\u011fitimini Ankara SSK E\u011fitim ve Ara\u015ft\u0131rma [&hellip;]<\/p>","protected":false},"author":1,"featured_media":53521,"parent":0,"menu_order":0,"comment_status":"closed","ping_status":"closed","template":"elementor_header_footer","meta":{"_acf_changed":false,"footnotes":""},"class_list":["post-49758","page","type-page","status-publish","has-post-thumbnail","hentry"],"acf":[],"_links":{"self":[{"href":"https:\/\/artroplasti.com.tr\/en\/wp-json\/wp\/v2\/pages\/49758","targetHints":{"allow":["GET"]}}],"collection":[{"href":"https:\/\/artroplasti.com.tr\/en\/wp-json\/wp\/v2\/pages"}],"about":[{"href":"https:\/\/artroplasti.com.tr\/en\/wp-json\/wp\/v2\/types\/page"}],"author":[{"embeddable":true,"href":"https:\/\/artroplasti.com.tr\/en\/wp-json\/wp\/v2\/users\/1"}],"replies":[{"embeddable":true,"href":"https:\/\/artroplasti.com.tr\/en\/wp-json\/wp\/v2\/comments?post=49758"}],"version-history":[{"count":0,"href":"https:\/\/artroplasti.com.tr\/en\/wp-json\/wp\/v2\/pages\/49758\/revisions"}],"wp:featuredmedia":[{"embeddable":true,"href":"https:\/\/artroplasti.com.tr\/en\/wp-json\/wp\/v2\/media\/53521"}],"wp:attachment":[{"href":"https:\/\/artroplasti.com.tr\/en\/wp-json\/wp\/v2\/media?parent=49758"}],"curies":[{"name":"wp","href":"https:\/\/api.w.org\/{rel}","templated":true}]}}